{"id":41,"date":"2024-06-01T04:48:50","date_gmt":"2024-06-01T04:48:50","guid":{"rendered":"http:\/\/vuralmutfak.com.tr\/?page_id=41"},"modified":"2025-02-05T09:49:40","modified_gmt":"2025-02-05T09:49:40","slug":"about","status":"publish","type":"page","link":"https:\/\/vuralmutfak.com.tr\/?page_id=41","title":{"rendered":"Hakk\u0131m\u0131zda"},"content":{"rendered":"\t\t<div data-elementor-type=\"wp-page\" data-elementor-id=\"41\" class=\"elementor elementor-41\">\n\t\t\t\t<div class=\"elementor-element elementor-element-21cedc74 e-flex e-con-boxed e-con e-parent\" data-id=\"21cedc74\" data-element_type=\"container\" data-e-type=\"container\" data-settings=\"{&quot;background_background&quot;:&quot;classic&quot;}\">\n\t\t\t\t\t<div class=\"e-con-inner\">\n\t\t\t\t<div class=\"elementor-element elementor-element-3d294511 elementor-align-center elementor-widget elementor-widget-raven-heading\" data-id=\"3d294511\" data-element_type=\"widget\" data-e-type=\"widget\" data-widget_type=\"raven-heading.default\">\n\t\t\t\t<div class=\"elementor-widget-container\">\n\t\t\t\t\t\t\t<div class=\"raven-widget-wrapper\"><h2 class=\"raven-heading raven-heading-h2\"><span class=\"raven-heading-title \">Bir mal\u0131n sadece fiyat\u0131na bakmak, bir tak\u0131m eksiklikleri kabul etmektir.<\/span><\/h2><\/div>\n\t\t\t\t\t\t<\/div>\n\t\t\t\t<\/div>\n\t\t\t\t\t<\/div>\n\t\t\t\t<\/div>\n\t\t<div class=\"elementor-element elementor-element-345c8529 e-flex e-con-boxed e-con e-parent\" data-id=\"345c8529\" data-element_type=\"container\" data-e-type=\"container\">\n\t\t\t\t\t<div class=\"e-con-inner\">\n\t\t\t\t<div class=\"elementor-element elementor-element-37976be2 elementor-tablet-align-center elementor-align-left elementor-widget elementor-widget-raven-heading\" data-id=\"37976be2\" data-element_type=\"widget\" data-e-type=\"widget\" data-widget_type=\"raven-heading.default\">\n\t\t\t\t<div class=\"elementor-widget-container\">\n\t\t\t\t\t\t\t<div class=\"raven-widget-wrapper\"><h2 class=\"raven-heading raven-heading-h2\"><span class=\"raven-heading-title \">Biz kimiz?<\/span><\/h2><\/div>\n\t\t\t\t\t\t<\/div>\n\t\t\t\t<\/div>\n\t\t<div class=\"elementor-element elementor-element-27b1dc88 e-flex e-con-boxed e-con e-child\" data-id=\"27b1dc88\" data-element_type=\"container\" data-e-type=\"container\">\n\t\t\t\t\t<div class=\"e-con-inner\">\n\t\t<div class=\"elementor-element elementor-element-1af276d2 e-flex e-con-boxed e-con e-child\" data-id=\"1af276d2\" data-element_type=\"container\" data-e-type=\"container\">\n\t\t\t\t\t<div class=\"e-con-inner\">\n\t\t\t\t<div class=\"elementor-element elementor-element-3a88c98a elementor-widget elementor-widget-text-editor\" data-id=\"3a88c98a\" data-element_type=\"widget\" data-e-type=\"widget\" data-widget_type=\"text-editor.default\">\n\t\t\t\t<div class=\"elementor-widget-container\">\n\t\t\t\t\t\t\t\t\t<p>1986 y\u0131l\u0131nda kurmu\u015f oldu\u011fumuz at\u00f6lyemizde do\u011frama ve mobilya imalat\u0131 ile ba\u015flay\u0131p, yapt\u0131\u011f\u0131m\u0131z de\u011fi\u015fiklik ve yeniliklerle, <b>Raydolap<\/b> ve <b>Haz\u0131r Mutfak<\/b> imalat\u0131 ile devam etmekteyiz. M\u00fc\u015fteri memnuniyetini kendimize ilke edinip sizlere en iyi hizmeti sunmak, hayallerinizi ger\u00e7e\u011fe d\u00f6n\u00fc\u015ft\u00fcrmek i\u00e7in \u00fcretim ve uygulama yap\u0131yoruz.<\/p><p>Daima y\u00fcksek kalitede \u00fcretim yapmay\u0131 ama\u00e7layan s\u00fcrekli geli\u015fen teknoloji ile birlikte geli\u015fmeyi kendine ama\u00e7 edinen firmam\u0131z m\u00fc\u015fteri memnuniyetini her zaman \u00f6n planda\u00a0 tutmak ve kalite y\u00f6netim sistemi \u015fartlar\u0131na uymak \u00f6ncelikli g\u00f6revimizdir.<\/p>\t\t\t\t\t\t\t\t<\/div>\n\t\t\t\t<\/div>\n\t\t\t\t\t<\/div>\n\t\t\t\t<\/div>\n\t\t<div class=\"elementor-element elementor-element-8010346 e-flex e-con-boxed e-con e-child\" data-id=\"8010346\" data-element_type=\"container\" data-e-type=\"container\">\n\t\t\t\t\t<div class=\"e-con-inner\">\n\t\t<div class=\"elementor-element elementor-element-7ad2f30f e-flex e-con-boxed e-con e-child\" data-id=\"7ad2f30f\" data-element_type=\"container\" data-e-type=\"container\">\n\t\t\t\t\t<div class=\"e-con-inner\">\n\t\t<div class=\"elementor-element elementor-element-45af7f7b e-con-full e-flex e-con e-child\" data-id=\"45af7f7b\" data-element_type=\"container\" data-e-type=\"container\">\n\t\t\t\t<div class=\"elementor-element elementor-element-7a7955fc elementor-widget__width-initial elementor-widget elementor-widget-raven-counter\" data-id=\"7a7955fc\" data-element_type=\"widget\" data-e-type=\"widget\" data-settings=\"{&quot;columns&quot;:&quot;1&quot;,&quot;columns_tablet&quot;:2,&quot;columns_mobile&quot;:1}\" data-widget_type=\"raven-counter.default\">\n\t\t\t\t<div class=\"elementor-widget-container\">\n\t\t\t\t\t\t\t<div class=\"raven-counter-list raven-flex raven-flex-wrap raven-flex-between raven-flex-middle\">\n\t\t\t\t\t\t\t<div class=\"raven-counter-item\">\n\t\t\t\t\t<div class=\"raven-counter-icon\">\n\t\t\t\t\t\n\t\t\t\t\t<\/div>\n\t\t\t\t\t<div class=\"raven-counter-number-wrapper\">\n\t\t\t\t\t\t<span class=\"raven-counter-number-prefix\"><\/span>\n\t\t\t\t\t\t<span class=\"raven-counter-number\" data-raven-counter=\"\" data-duration=\"2000\" data-to-value=\"40\" data-delimiter=\",\">0<\/span>\n\t\t\t\t\t\t<span class=\"raven-counter-number-suffix\"><\/span>\n\t\t\t\t\t<\/div>\n\t\t\t\t\t\t\t\t\t<\/div>\n\t\t\t\t\t<\/div>\n\t\t\t\t\t\t<\/div>\n\t\t\t\t<\/div>\n\t\t\t\t<\/div>\n\t\t\t\t<div class=\"elementor-element elementor-element-64b94a26 elementor-widget elementor-widget-icon-box\" data-id=\"64b94a26\" data-element_type=\"widget\" data-e-type=\"widget\" data-widget_type=\"icon-box.default\">\n\t\t\t\t<div class=\"elementor-widget-container\">\n\t\t\t\t\t\t\t<div class=\"elementor-icon-box-wrapper\">\n\n\t\t\t\n\t\t\t\t\t\t<div class=\"elementor-icon-box-content\">\n\n\t\t\t\t\t\t\t\t\t<h3 class=\"elementor-icon-box-title\">\n\t\t\t\t\t\t<span  >\n\t\t\t\t\t\t\tY\u0131ll\u0131k Deneyim\t\t\t\t\t\t<\/span>\n\t\t\t\t\t<\/h3>\n\t\t\t\t\n\t\t\t\t\t\t\t\t\t<p class=\"elementor-icon-box-description\">\n\t\t\t\t\t\tSekt\u00f6rde uzun y\u0131llara dayanan deneyimimizle, zengin bilgi ve uzmanl\u0131\u011f\u0131m\u0131z\u0131 kullanarak \u00fcretim yap\u0131yoruz.\t\t\t\t\t<\/p>\n\t\t\t\t\n\t\t\t<\/div>\n\t\t\t\n\t\t<\/div>\n\t\t\t\t\t\t<\/div>\n\t\t\t\t<\/div>\n\t\t\t\t\t<\/div>\n\t\t\t\t<\/div>\n\t\t<div class=\"elementor-element elementor-element-5bdf6873 e-flex e-con-boxed e-con e-child\" data-id=\"5bdf6873\" data-element_type=\"container\" data-e-type=\"container\">\n\t\t\t\t\t<div class=\"e-con-inner\">\n\t\t<div class=\"elementor-element elementor-element-74ca130a e-con-full e-flex e-con e-child\" data-id=\"74ca130a\" data-element_type=\"container\" data-e-type=\"container\">\n\t\t\t\t<div class=\"elementor-element elementor-element-55e03cd3 elementor-widget elementor-widget-raven-counter\" data-id=\"55e03cd3\" data-element_type=\"widget\" data-e-type=\"widget\" data-settings=\"{&quot;columns&quot;:&quot;1&quot;,&quot;columns_tablet&quot;:2,&quot;columns_mobile&quot;:1}\" data-widget_type=\"raven-counter.default\">\n\t\t\t\t<div class=\"elementor-widget-container\">\n\t\t\t\t\t\t\t<div class=\"raven-counter-list raven-flex raven-flex-wrap raven-flex-between raven-flex-middle\">\n\t\t\t\t\t\t\t<div class=\"raven-counter-item\">\n\t\t\t\t\t<div class=\"raven-counter-icon\">\n\t\t\t\t\t\n\t\t\t\t\t<\/div>\n\t\t\t\t\t<div class=\"raven-counter-number-wrapper\">\n\t\t\t\t\t\t<span class=\"raven-counter-number-prefix\"><\/span>\n\t\t\t\t\t\t<span class=\"raven-counter-number\" data-raven-counter=\"\" data-duration=\"2000\" data-to-value=\"2\" data-delimiter=\",\">0<\/span>\n\t\t\t\t\t\t<span class=\"raven-counter-number-suffix\">K<\/span>\n\t\t\t\t\t<\/div>\n\t\t\t\t\t\t\t\t\t<\/div>\n\t\t\t\t\t<\/div>\n\t\t\t\t\t\t<\/div>\n\t\t\t\t<\/div>\n\t\t\t\t<\/div>\n\t\t\t\t<div class=\"elementor-element elementor-element-12fe1590 elementor-widget elementor-widget-icon-box\" data-id=\"12fe1590\" data-element_type=\"widget\" data-e-type=\"widget\" data-widget_type=\"icon-box.default\">\n\t\t\t\t<div class=\"elementor-widget-container\">\n\t\t\t\t\t\t\t<div class=\"elementor-icon-box-wrapper\">\n\n\t\t\t\n\t\t\t\t\t\t<div class=\"elementor-icon-box-content\">\n\n\t\t\t\t\t\t\t\t\t<h3 class=\"elementor-icon-box-title\">\n\t\t\t\t\t\t<span  >\n\t\t\t\t\t\t\tYerel M\u00fc\u015fteri\t\t\t\t\t\t<\/span>\n\t\t\t\t\t<\/h3>\n\t\t\t\t\n\t\t\t\t\t\t\t\t\t<p class=\"elementor-icon-box-description\">\n\t\t\t\t\t\tEge ve Marmara b\u00f6lgesine yay\u0131lm\u0131\u015f olan m\u00fc\u015fteri portf\u00f6y\u00fcm\u00fcz, memnuniyet referanslar\u0131 ile her ge\u00e7eng\u00fcn artmaktad\u0131r.\t\t\t\t\t<\/p>\n\t\t\t\t\n\t\t\t<\/div>\n\t\t\t\n\t\t<\/div>\n\t\t\t\t\t\t<\/div>\n\t\t\t\t<\/div>\n\t\t\t\t\t<\/div>\n\t\t\t\t<\/div>\n\t\t\t\t\t<\/div>\n\t\t\t\t<\/div>\n\t\t\t\t\t<\/div>\n\t\t\t\t<\/div>\n\t\t\t\t\t<\/div>\n\t\t\t\t<\/div>\n\t\t\t\t<\/div>\n\t\t","protected":false},"excerpt":{"rendered":"<p>Bir mal\u0131n sadece fiyat\u0131na bakmak, bir tak\u0131m eksiklikleri kabul etmektir. Biz kimiz? 1986 y\u0131l\u0131nda kurmu\u015f oldu\u011fumuz at\u00f6lyemizde do\u011frama ve mobilya imalat\u0131 ile ba\u015flay\u0131p, yapt\u0131\u011f\u0131m\u0131z de\u011fi\u015fiklik ve yeniliklerle, Raydolap ve Haz\u0131r Mutfak imalat\u0131 ile devam etmekteyiz. M\u00fc\u015fteri memnuniyetini kendimize ilke edinip sizlere en iyi hizmeti sunmak, hayallerinizi ger\u00e7e\u011fe d\u00f6n\u00fc\u015ft\u00fcrmek i\u00e7in \u00fcretim ve uygulama yap\u0131yoruz. Daima y\u00fcksek [&hellip;]<\/p>\n","protected":false},"author":1,"featured_media":0,"parent":0,"menu_order":0,"comment_status":"closed","ping_status":"closed","template":"full-width.php","meta":{"_acf_changed":false,"footnotes":""},"class_list":["post-41","page","type-page","status-publish","hentry"],"acf":[],"_links":{"self":[{"href":"https:\/\/vuralmutfak.com.tr\/index.php?rest_route=\/wp\/v2\/pages\/41","targetHints":{"allow":["GET"]}}],"collection":[{"href":"https:\/\/vuralmutfak.com.tr\/index.php?rest_route=\/wp\/v2\/pages"}],"about":[{"href":"https:\/\/vuralmutfak.com.tr\/index.php?rest_route=\/wp\/v2\/types\/page"}],"author":[{"embeddable":true,"href":"https:\/\/vuralmutfak.com.tr\/index.php?rest_route=\/wp\/v2\/users\/1"}],"replies":[{"embeddable":true,"href":"https:\/\/vuralmutfak.com.tr\/index.php?rest_route=%2Fwp%2Fv2%2Fcomments&post=41"}],"version-history":[{"count":23,"href":"https:\/\/vuralmutfak.com.tr\/index.php?rest_route=\/wp\/v2\/pages\/41\/revisions"}],"predecessor-version":[{"id":433,"href":"https:\/\/vuralmutfak.com.tr\/index.php?rest_route=\/wp\/v2\/pages\/41\/revisions\/433"}],"wp:attachment":[{"href":"https:\/\/vuralmutfak.com.tr\/index.php?rest_route=%2Fwp%2Fv2%2Fmedia&parent=41"}],"curies":[{"name":"wp","href":"https:\/\/api.w.org\/{rel}","templated":true}]}}