{"id":179,"date":"2024-12-03T01:17:06","date_gmt":"2024-12-03T01:17:06","guid":{"rendered":"https:\/\/vuralmutfak.com.tr\/?page_id=179"},"modified":"2026-04-07T13:43:31","modified_gmt":"2026-04-07T13:43:31","slug":"elementor-sayfa-179","status":"publish","type":"page","link":"https:\/\/vuralmutfak.com.tr\/?page_id=179","title":{"rendered":"\u00dcr\u00fcn ve Hizmetler"},"content":{"rendered":"\t\t<div data-elementor-type=\"wp-page\" data-elementor-id=\"179\" class=\"elementor elementor-179\">\n\t\t\t\t<div class=\"elementor-element elementor-element-22b0c20 e-grid e-con-boxed e-con e-parent\" data-id=\"22b0c20\" data-element_type=\"container\" data-e-type=\"container\">\n\t\t\t\t\t<div class=\"e-con-inner\">\n\t\t\t\t<div class=\"elementor-element elementor-element-fabaecb elementor-widget elementor-widget-image\" data-id=\"fabaecb\" data-element_type=\"widget\" data-e-type=\"widget\" data-widget_type=\"image.default\">\n\t\t\t\t<div class=\"elementor-widget-container\">\n\t\t\t\t\t\t\t\t\t\t\t\t<figure class=\"wp-caption\">\n\t\t\t\t\t\t\t\t\t\t\t<a href=\"https:\/\/vuralmutfak.com.tr\/?page_id=243\">\n\t\t\t\t\t\t\t<img decoding=\"async\" width=\"150\" height=\"150\" src=\"https:\/\/vuralmutfak.com.tr\/wp-content\/uploads\/2024\/12\/IMG_8013-150x150.jpg\" class=\"attachment-thumbnail size-thumbnail wp-image-212\" alt=\"\" srcset=\"https:\/\/vuralmutfak.com.tr\/wp-content\/uploads\/2024\/12\/IMG_8013-150x150.jpg 150w, https:\/\/vuralmutfak.com.tr\/wp-content\/uploads\/2024\/12\/IMG_8013-500x500.jpg 500w\" sizes=\"(max-width: 150px) 100vw, 150px\" \/>\t\t\t\t\t\t\t\t<\/a>\n\t\t\t\t\t\t\t\t\t\t\t<figcaption class=\"widget-image-caption wp-caption-text\">Haz\u0131r Mutfak<\/figcaption>\n\t\t\t\t\t\t\t\t\t\t<\/figure>\n\t\t\t\t\t\t\t\t\t<\/div>\n\t\t\t\t<\/div>\n\t\t\t\t<div class=\"elementor-element elementor-element-b5658f9 elementor-widget elementor-widget-image\" data-id=\"b5658f9\" data-element_type=\"widget\" data-e-type=\"widget\" data-widget_type=\"image.default\">\n\t\t\t\t<div class=\"elementor-widget-container\">\n\t\t\t\t\t\t\t\t\t\t\t\t<figure class=\"wp-caption\">\n\t\t\t\t\t\t\t\t\t\t\t<a href=\"https:\/\/vuralmutfak.com.tr\/?page_id=668\">\n\t\t\t\t\t\t\t<img decoding=\"async\" width=\"150\" height=\"150\" src=\"https:\/\/vuralmutfak.com.tr\/wp-content\/uploads\/2026\/04\/IMG_5664-150x150.jpg\" class=\"attachment-thumbnail size-thumbnail wp-image-659\" alt=\"\" srcset=\"https:\/\/vuralmutfak.com.tr\/wp-content\/uploads\/2026\/04\/IMG_5664-150x150.jpg 150w, https:\/\/vuralmutfak.com.tr\/wp-content\/uploads\/2026\/04\/IMG_5664-500x500.jpg 500w\" sizes=\"(max-width: 150px) 100vw, 150px\" \/>\t\t\t\t\t\t\t\t<\/a>\n\t\t\t\t\t\t\t\t\t\t\t<figcaption class=\"widget-image-caption wp-caption-text\">TV \u00dcnitesi<\/figcaption>\n\t\t\t\t\t\t\t\t\t\t<\/figure>\n\t\t\t\t\t\t\t\t\t<\/div>\n\t\t\t\t<\/div>\n\t\t\t\t<div class=\"elementor-element elementor-element-93a8777 elementor-widget elementor-widget-image\" data-id=\"93a8777\" data-element_type=\"widget\" data-e-type=\"widget\" data-widget_type=\"image.default\">\n\t\t\t\t<div class=\"elementor-widget-container\">\n\t\t\t\t\t\t\t\t\t\t\t\t<figure class=\"wp-caption\">\n\t\t\t\t\t\t\t\t\t\t\t<a href=\"https:\/\/vuralmutfak.com.tr\/?page_id=681\">\n\t\t\t\t\t\t\t<img decoding=\"async\" width=\"150\" height=\"150\" src=\"https:\/\/vuralmutfak.com.tr\/wp-content\/uploads\/2026\/04\/IMG_5972-150x150.jpg\" class=\"attachment-thumbnail size-thumbnail wp-image-660\" alt=\"\" srcset=\"https:\/\/vuralmutfak.com.tr\/wp-content\/uploads\/2026\/04\/IMG_5972-150x150.jpg 150w, https:\/\/vuralmutfak.com.tr\/wp-content\/uploads\/2026\/04\/IMG_5972-500x500.jpg 500w\" sizes=\"(max-width: 150px) 100vw, 150px\" \/>\t\t\t\t\t\t\t\t<\/a>\n\t\t\t\t\t\t\t\t\t\t\t<figcaption class=\"widget-image-caption wp-caption-text\">Kahve K\u00f6\u015fesi<\/figcaption>\n\t\t\t\t\t\t\t\t\t\t<\/figure>\n\t\t\t\t\t\t\t\t\t<\/div>\n\t\t\t\t<\/div>\n\t\t\t\t<div class=\"elementor-element elementor-element-82ac230 elementor-widget elementor-widget-image\" data-id=\"82ac230\" data-element_type=\"widget\" data-e-type=\"widget\" data-widget_type=\"image.default\">\n\t\t\t\t<div class=\"elementor-widget-container\">\n\t\t\t\t\t\t\t\t\t\t\t\t<figure class=\"wp-caption\">\n\t\t\t\t\t\t\t\t\t\t<img loading=\"lazy\" decoding=\"async\" width=\"150\" height=\"150\" src=\"https:\/\/vuralmutfak.com.tr\/wp-content\/uploads\/2026\/04\/IMG_6512-150x150.jpg\" class=\"attachment-thumbnail size-thumbnail wp-image-661\" alt=\"\" srcset=\"https:\/\/vuralmutfak.com.tr\/wp-content\/uploads\/2026\/04\/IMG_6512-150x150.jpg 150w, https:\/\/vuralmutfak.com.tr\/wp-content\/uploads\/2026\/04\/IMG_6512-500x500.jpg 500w\" sizes=\"(max-width: 150px) 100vw, 150px\" \/>\t\t\t\t\t\t\t\t\t\t\t<figcaption class=\"widget-image-caption wp-caption-text\">Bebek &amp; Gen\u00e7 Odas\u0131<\/figcaption>\n\t\t\t\t\t\t\t\t\t\t<\/figure>\n\t\t\t\t\t\t\t\t\t<\/div>\n\t\t\t\t<\/div>\n\t\t\t\t<div class=\"elementor-element elementor-element-5365131 elementor-widget elementor-widget-image\" data-id=\"5365131\" data-element_type=\"widget\" data-e-type=\"widget\" data-widget_type=\"image.default\">\n\t\t\t\t<div class=\"elementor-widget-container\">\n\t\t\t\t\t\t\t\t\t\t\t\t<figure class=\"wp-caption\">\n\t\t\t\t\t\t\t\t\t\t\t<a href=\"https:\/\/vuralmutfak.com.tr\/?page_id=268\">\n\t\t\t\t\t\t\t<img loading=\"lazy\" decoding=\"async\" width=\"150\" height=\"150\" src=\"https:\/\/vuralmutfak.com.tr\/wp-content\/uploads\/2024\/12\/IMG_0984-150x150.jpg\" class=\"attachment-thumbnail size-thumbnail wp-image-218\" alt=\"\" srcset=\"https:\/\/vuralmutfak.com.tr\/wp-content\/uploads\/2024\/12\/IMG_0984-150x150.jpg 150w, https:\/\/vuralmutfak.com.tr\/wp-content\/uploads\/2024\/12\/IMG_0984-500x500.jpg 500w\" sizes=\"(max-width: 150px) 100vw, 150px\" \/>\t\t\t\t\t\t\t\t<\/a>\n\t\t\t\t\t\t\t\t\t\t\t<figcaption class=\"widget-image-caption wp-caption-text\">Gardrop<\/figcaption>\n\t\t\t\t\t\t\t\t\t\t<\/figure>\n\t\t\t\t\t\t\t\t\t<\/div>\n\t\t\t\t<\/div>\n\t\t\t\t<div class=\"elementor-element elementor-element-a8ee3ff elementor-widget elementor-widget-image\" data-id=\"a8ee3ff\" data-element_type=\"widget\" data-e-type=\"widget\" data-widget_type=\"image.default\">\n\t\t\t\t<div class=\"elementor-widget-container\">\n\t\t\t\t\t\t\t\t\t\t\t\t<figure class=\"wp-caption\">\n\t\t\t\t\t\t\t\t\t\t\t<a href=\"https:\/\/vuralmutfak.com.tr\/?page_id=440\" vestiyer=\"\">\n\t\t\t\t\t\t\t<img loading=\"lazy\" decoding=\"async\" width=\"150\" height=\"150\" src=\"https:\/\/vuralmutfak.com.tr\/wp-content\/uploads\/2024\/12\/IMG_7728-150x150.jpg\" class=\"attachment-thumbnail size-thumbnail wp-image-220\" alt=\"\" srcset=\"https:\/\/vuralmutfak.com.tr\/wp-content\/uploads\/2024\/12\/IMG_7728-150x150.jpg 150w, https:\/\/vuralmutfak.com.tr\/wp-content\/uploads\/2024\/12\/IMG_7728-500x500.jpg 500w\" sizes=\"(max-width: 150px) 100vw, 150px\" \/>\t\t\t\t\t\t\t\t<\/a>\n\t\t\t\t\t\t\t\t\t\t\t<figcaption class=\"widget-image-caption wp-caption-text\">Vestiyer<\/figcaption>\n\t\t\t\t\t\t\t\t\t\t<\/figure>\n\t\t\t\t\t\t\t\t\t<\/div>\n\t\t\t\t<\/div>\n\t\t\t\t<div class=\"elementor-element elementor-element-6ced709 elementor-widget elementor-widget-image\" data-id=\"6ced709\" data-element_type=\"widget\" data-e-type=\"widget\" data-widget_type=\"image.default\">\n\t\t\t\t<div class=\"elementor-widget-container\">\n\t\t\t\t\t\t\t\t\t\t\t\t<figure class=\"wp-caption\">\n\t\t\t\t\t\t\t\t\t\t\t<a href=\"https:\/\/vuralmutfak.com.tr\/?page_id=442\">\n\t\t\t\t\t\t\t<img loading=\"lazy\" decoding=\"async\" width=\"150\" height=\"150\" src=\"https:\/\/vuralmutfak.com.tr\/wp-content\/uploads\/2024\/12\/IMG_8404-150x150.jpg\" class=\"attachment-thumbnail size-thumbnail wp-image-223\" alt=\"\" srcset=\"https:\/\/vuralmutfak.com.tr\/wp-content\/uploads\/2024\/12\/IMG_8404-150x150.jpg 150w, https:\/\/vuralmutfak.com.tr\/wp-content\/uploads\/2024\/12\/IMG_8404-500x500.jpg 500w\" sizes=\"(max-width: 150px) 100vw, 150px\" \/>\t\t\t\t\t\t\t\t<\/a>\n\t\t\t\t\t\t\t\t\t\t\t<figcaption class=\"widget-image-caption wp-caption-text\">Banyo<\/figcaption>\n\t\t\t\t\t\t\t\t\t\t<\/figure>\n\t\t\t\t\t\t\t\t\t<\/div>\n\t\t\t\t<\/div>\n\t\t\t\t<div class=\"elementor-element elementor-element-af45816 elementor-widget elementor-widget-image\" data-id=\"af45816\" data-element_type=\"widget\" data-e-type=\"widget\" data-widget_type=\"image.default\">\n\t\t\t\t<div class=\"elementor-widget-container\">\n\t\t\t\t\t\t\t\t\t\t\t\t<figure class=\"wp-caption\">\n\t\t\t\t\t\t\t\t\t\t\t<a href=\"https:\/\/vuralmutfak.com.tr\/?page_id=481\">\n\t\t\t\t\t\t\t<img loading=\"lazy\" decoding=\"async\" width=\"150\" height=\"150\" src=\"https:\/\/vuralmutfak.com.tr\/wp-content\/uploads\/2024\/12\/IMG_8772-150x150.jpg\" class=\"attachment-thumbnail size-thumbnail wp-image-239\" alt=\"\" srcset=\"https:\/\/vuralmutfak.com.tr\/wp-content\/uploads\/2024\/12\/IMG_8772-150x150.jpg 150w, https:\/\/vuralmutfak.com.tr\/wp-content\/uploads\/2024\/12\/IMG_8772-500x500.jpg 500w\" sizes=\"(max-width: 150px) 100vw, 150px\" \/>\t\t\t\t\t\t\t\t<\/a>\n\t\t\t\t\t\t\t\t\t\t\t<figcaption class=\"widget-image-caption wp-caption-text\">Kap\u0131<\/figcaption>\n\t\t\t\t\t\t\t\t\t\t<\/figure>\n\t\t\t\t\t\t\t\t\t<\/div>\n\t\t\t\t<\/div>\n\t\t\t\t<div class=\"elementor-element elementor-element-a9c3eae elementor-widget elementor-widget-image\" data-id=\"a9c3eae\" data-element_type=\"widget\" data-e-type=\"widget\" data-widget_type=\"image.default\">\n\t\t\t\t<div class=\"elementor-widget-container\">\n\t\t\t\t\t\t\t\t\t\t\t\t<figure class=\"wp-caption\">\n\t\t\t\t\t\t\t\t\t\t\t<a href=\"https:\/\/vuralmutfak.com.tr\/?page_id=503\">\n\t\t\t\t\t\t\t<img loading=\"lazy\" decoding=\"async\" width=\"150\" height=\"150\" src=\"https:\/\/vuralmutfak.com.tr\/wp-content\/uploads\/2024\/12\/IMG_0169-1-150x150.png\" class=\"attachment-thumbnail size-thumbnail wp-image-222\" alt=\"\" srcset=\"https:\/\/vuralmutfak.com.tr\/wp-content\/uploads\/2024\/12\/IMG_0169-1-150x150.png 150w, https:\/\/vuralmutfak.com.tr\/wp-content\/uploads\/2024\/12\/IMG_0169-1-500x500.png 500w\" sizes=\"(max-width: 150px) 100vw, 150px\" \/>\t\t\t\t\t\t\t\t<\/a>\n\t\t\t\t\t\t\t\t\t\t\t<figcaption class=\"widget-image-caption wp-caption-text\">Merdiven<\/figcaption>\n\t\t\t\t\t\t\t\t\t\t<\/figure>\n\t\t\t\t\t\t\t\t\t<\/div>\n\t\t\t\t<\/div>\n\t\t\t\t\t<\/div>\n\t\t\t\t<\/div>\n\t\t\t\t<\/div>\n\t\t","protected":false},"excerpt":{"rendered":"<p>Haz\u0131r Mutfak TV \u00dcnitesi Kahve K\u00f6\u015fesi Bebek &amp; Gen\u00e7 Odas\u0131 Gardrop Vestiyer Banyo Kap\u0131 Merdiven<\/p>\n","protected":false},"author":1,"featured_media":0,"parent":0,"menu_order":0,"comment_status":"closed","ping_status":"closed","template":"","meta":{"_acf_changed":false,"footnotes":""},"class_list":["post-179","page","type-page","status-publish","hentry"],"acf":[],"_links":{"self":[{"href":"https:\/\/vuralmutfak.com.tr\/index.php?rest_route=\/wp\/v2\/pages\/179","targetHints":{"allow":["GET"]}}],"collection":[{"href":"https:\/\/vuralmutfak.com.tr\/index.php?rest_route=\/wp\/v2\/pages"}],"about":[{"href":"https:\/\/vuralmutfak.com.tr\/index.php?rest_route=\/wp\/v2\/types\/page"}],"author":[{"embeddable":true,"href":"https:\/\/vuralmutfak.com.tr\/index.php?rest_route=\/wp\/v2\/users\/1"}],"replies":[{"embeddable":true,"href":"https:\/\/vuralmutfak.com.tr\/index.php?rest_route=%2Fwp%2Fv2%2Fcomments&post=179"}],"version-history":[{"count":46,"href":"https:\/\/vuralmutfak.com.tr\/index.php?rest_route=\/wp\/v2\/pages\/179\/revisions"}],"predecessor-version":[{"id":711,"href":"https:\/\/vuralmutfak.com.tr\/index.php?rest_route=\/wp\/v2\/pages\/179\/revisions\/711"}],"wp:attachment":[{"href":"https:\/\/vuralmutfak.com.tr\/index.php?rest_route=%2Fwp%2Fv2%2Fmedia&parent=179"}],"curies":[{"name":"wp","href":"https:\/\/api.w.org\/{rel}","templated":true}]}}